{"id":20784,"date":"2026-04-04T20:13:07","date_gmt":"2026-04-04T18:13:07","guid":{"rendered":"https:\/\/matvana.com\/product\/medium-candle-stand-white-gold\/"},"modified":"2026-04-11T12:52:15","modified_gmt":"2026-04-11T10:52:15","slug":"kerzenstaender-weiss-gold-holz","status":"publish","type":"product","link":"https:\/\/matvana.com\/es\/product\/kerzenstaender-weiss-gold-holz\/","title":{"rendered":"Kerzenst\u00e4nder Wei\u00df Gold Holz \u2013 Vintage Kerzenhalter Set aus Albasia Holz f\u00fcr stilvolle Deko 12x12x34 cm"},"content":{"rendered":"<h4 data-start=\"591\" data-end=\"649\">Kerzenst\u00e4nder Wei\u00df Gold Holz f\u00fcr elegante Wohnr\u00e4ume<\/h4>\n<p data-start=\"650\" data-end=\"792\">Dieser Kerzenst\u00e4nder Wei\u00df Gold Holz kombiniert klassisches Design mit modernen Akzenten und sorgt f\u00fcr eine stilvolle Atmosph\u00e4re in jedem Raum.<\/p>\n<hr data-start=\"794\" data-end=\"797\" \/>\n<h4 data-start=\"799\" data-end=\"850\">Hochwertiges Albasia Holz mit Vintage-Finish<\/h4>\n<p data-start=\"851\" data-end=\"987\">Gefertigt aus leichtem und robustem Albasia Holz \u00fcberzeugt der Kerzenhalter durch seine edle Wei\u00df-Gold-Optik und handgefertigte Details.<\/p>\n<hr data-start=\"989\" data-end=\"992\" \/>\n<h4 data-start=\"994\" data-end=\"1038\">Zeitloses Design f\u00fcr jede Einrichtung<\/h4>\n<p data-start=\"1039\" data-end=\"1152\">Ob modern, klassisch oder im Vintage-Stil \u2013 dieser Kerzenst\u00e4nder f\u00fcgt sich harmonisch in jede Wohnlandschaft ein.<\/p>\n<hr data-start=\"1154\" data-end=\"1157\" \/>\n<h4 data-start=\"1159\" data-end=\"1198\">Perfekt f\u00fcr verschiedene Anl\u00e4sse<\/h4>\n<p data-start=\"1199\" data-end=\"1220\">Ideal geeignet f\u00fcr:<\/p>\n<p data-start=\"1222\" data-end=\"1315\">\u2022 Tischdekoration<br data-start=\"1239\" data-end=\"1242\" \/>\u2022 Wohnzimmer &amp; Essbereich<br data-start=\"1267\" data-end=\"1270\" \/>\u2022 Hochzeiten &amp; Events<br data-start=\"1291\" data-end=\"1294\" \/>\u2022 Festliche Anl\u00e4sse<\/p>\n<hr data-start=\"1317\" data-end=\"1320\" \/>\n<h4 data-start=\"1322\" data-end=\"1343\">Produktdetails<\/h4>\n<p data-start=\"1345\" data-end=\"1460\">Material: Albasia Holz<br data-start=\"1367\" data-end=\"1370\" \/>Farbe: Wei\u00df \/ Gold<br data-start=\"1388\" data-end=\"1391\" \/>Ma\u00dfe: 12 x 12 x 34 cm<br data-start=\"1412\" data-end=\"1415\" \/>Gewicht: ca. 0.31 kg<br data-start=\"1435\" data-end=\"1438\" \/>Herkunft: Indonesien<\/p>\n<hr data-start=\"2147\" data-end=\"2150\" \/>\n<h4 data-start=\"413\" data-end=\"449\">Weitere Inspiration entdecken<\/h4>\n<p data-start=\"450\" data-end=\"582\">Suchen Sie weitere besondere Produkte? Entdecken Sie zus\u00e4tzliche Highlights in unserem Sortiment oder besuchen Sie unsere Partnerprojekte:<\/p>\n<ul data-start=\"584\" data-end=\"920\">\n<li><a href=\"https:\/\/matvana.com\/es\/shop\/\">Stilvolle Wohn- &amp; Geschenkideen bei Matvana entdecken<\/a><\/li>\n<li data-start=\"657\" data-end=\"783\">\n<p data-start=\"659\" data-end=\"783\"><a href=\"https:\/\/honigbee.com\/shop\/\" target=\"_blank\" rel=\"noopener\">Nat\u00fcrliche Produkte bei Honigbee ansehen<br \/>\n<\/a><\/p>\n<\/li>\n<li><a href=\"https:\/\/saphirsmaragd.com\/shop\/\" target=\"_blank\" rel=\"noopener\">Edelsteine &amp; Schmuckst\u00fccke bei Saphir &amp; Smaragd entdecken<\/a><\/li>\n<\/ul>","protected":false},"excerpt":{"rendered":"<p data-start=\"433\" data-end=\"559\"><em>Kerzenst\u00e4nder Wei\u00df Gold Holz im Vintage-Stil. Eleganter Kerzenhalter aus Albasia Holz f\u00fcr stilvolle Wohn- und Tischdekoration.<\/em><\/p>","protected":false},"featured_media":20783,"comment_status":"open","ping_status":"closed","template":"","meta":{"_glsr_average":0,"_glsr_ranking":0,"_glsr_reviews":0},"product_brand":[],"product_cat":[206],"product_tag":[],"class_list":{"0":"post-20784","1":"product","2":"type-product","3":"status-publish","4":"has-post-thumbnail","6":"product_cat-kerzenhalter","8":"first","9":"instock","10":"taxable","11":"shipping-taxable","12":"purchasable","13":"product-type-simple"},"jetpack_sharing_enabled":true,"_links":{"self":[{"href":"https:\/\/matvana.com\/es\/wp-json\/wp\/v2\/product\/20784","targetHints":{"allow":["GET"]}}],"collection":[{"href":"https:\/\/matvana.com\/es\/wp-json\/wp\/v2\/product"}],"about":[{"href":"https:\/\/matvana.com\/es\/wp-json\/wp\/v2\/types\/product"}],"replies":[{"embeddable":true,"href":"https:\/\/matvana.com\/es\/wp-json\/wp\/v2\/comments?post=20784"}],"version-history":[{"count":3,"href":"https:\/\/matvana.com\/es\/wp-json\/wp\/v2\/product\/20784\/revisions"}],"predecessor-version":[{"id":22484,"href":"https:\/\/matvana.com\/es\/wp-json\/wp\/v2\/product\/20784\/revisions\/22484"}],"wp:featuredmedia":[{"embeddable":true,"href":"https:\/\/matvana.com\/es\/wp-json\/wp\/v2\/media\/20783"}],"wp:attachment":[{"href":"https:\/\/matvana.com\/es\/wp-json\/wp\/v2\/media?parent=20784"}],"wp:term":[{"taxonomy":"product_brand","embeddable":true,"href":"https:\/\/matvana.com\/es\/wp-json\/wp\/v2\/product_brand?post=20784"},{"taxonomy":"product_cat","embeddable":true,"href":"https:\/\/matvana.com\/es\/wp-json\/wp\/v2\/product_cat?post=20784"},{"taxonomy":"product_tag","embeddable":true,"href":"https:\/\/matvana.com\/es\/wp-json\/wp\/v2\/product_tag?post=20784"}],"curies":[{"name":"wp","href":"https:\/\/api.w.org\/{rel}","templated":true}]}}