{"id":20946,"date":"2026-04-04T20:19:27","date_gmt":"2026-04-04T18:19:27","guid":{"rendered":"https:\/\/matvana.com\/product\/no-9-granite-candle-holder\/"},"modified":"2026-04-13T17:13:40","modified_gmt":"2026-04-13T15:13:40","slug":"granit-kerzenhalter-nummer-9","status":"publish","type":"product","link":"https:\/\/matvana.com\/en\/product\/granit-kerzenhalter-nummer-9\/","title":{"rendered":"Granit Kerzenhalter Nummer 9 \u2013 Minimalistischer Kerzenst\u00e4nder aus Naturstein, 9.7 x 11.5 cm"},"content":{"rendered":"<h4 data-start=\"627\" data-end=\"684\">Granit Kerzenhalter Nummer 9 f\u00fcr moderne Wohnr\u00e4ume<\/h4>\n<p data-start=\"685\" data-end=\"884\">Der Granit Kerzenhalter Nummer 9 \u00fcberzeugt durch sein minimalistisches Design und die nat\u00fcrliche Ausstrahlung von echtem Stein. Er setzt stilvolle Akzente und bringt Ruhe sowie Eleganz in jeden Raum.<\/p>\n<hr data-start=\"886\" data-end=\"889\" \/>\n<h4 data-start=\"891\" data-end=\"939\">Zeitloses Design mit symbolischer Wirkung<\/h4>\n<p data-start=\"940\" data-end=\"1138\">Die Form der Nummer 9 verleiht diesem Kerzenhalter eine besondere Bedeutung und macht ihn zu einem einzigartigen Dekorationselement. Ideal f\u00fcr moderne, minimalistische oder spirituelle Wohnkonzepte.<\/p>\n<hr data-start=\"1140\" data-end=\"1143\" \/>\n<h4 data-start=\"1145\" data-end=\"1199\">Hochwertiger Naturstein f\u00fcr langlebige Qualit\u00e4t<\/h4>\n<p data-start=\"1200\" data-end=\"1361\">Der Granit Kerzenhalter Nummer 9 wird aus massivem Granit gefertigt und zeichnet sich durch Stabilit\u00e4t, Langlebigkeit und eine nat\u00fcrliche, hochwertige Optik aus.<\/p>\n<hr data-start=\"1363\" data-end=\"1366\" \/>\n<h4 data-start=\"1368\" data-end=\"1421\">Vielseitig einsetzbar als stilvolle Dekoration<\/h4>\n<p data-start=\"1422\" data-end=\"1584\">Ob im Wohnzimmer, auf dem Esstisch oder als besonderes Detail im Regal \u2013 dieser Kerzenhalter passt perfekt in jede Umgebung und l\u00e4sst sich vielseitig kombinieren.<\/p>\n<hr data-start=\"1586\" data-end=\"1589\" \/>\n<h4 data-start=\"1591\" data-end=\"1632\">Kompakte Gr\u00f6\u00dfe mit starker Wirkung<\/h4>\n<p data-start=\"1633\" data-end=\"1770\">Dank seiner handlichen Ma\u00dfe eignet sich der Kerzenhalter ideal f\u00fcr kleine Fl\u00e4chen und sorgt dennoch f\u00fcr einen markanten visuellen Akzent.<\/p>\n<hr data-start=\"1772\" data-end=\"1775\" \/>\n<h4 data-start=\"1777\" data-end=\"1798\">Produktdetails<\/h4>\n<p data-start=\"1799\" data-end=\"1899\">Material: Granit<br data-start=\"1815\" data-end=\"1818\" \/>Farbe: Grau<br data-start=\"1829\" data-end=\"1832\" \/>Ma\u00dfe: 9.7 x 11.5 cm<br data-start=\"1851\" data-end=\"1854\" \/>Gewicht: ca. 0.55 kg<br data-start=\"1874\" data-end=\"1877\" \/>Herkunft: Indonesien<\/p>\n<hr data-start=\"2147\" data-end=\"2150\" \/>\n<h4 data-start=\"413\" data-end=\"449\">Discover more inspiration<\/h4>\n<p data-start=\"450\" data-end=\"582\">Suchen Sie weitere besondere Produkte? Entdecken Sie zus\u00e4tzliche Highlights in unserem Sortiment oder besuchen Sie unsere Partnerprojekte:<\/p>\n<ul data-start=\"584\" data-end=\"920\">\n<li><a href=\"https:\/\/matvana.com\/en\/shop\/\">Stilvolle Wohn- &amp; Geschenkideen bei Matvana entdecken<\/a><\/li>\n<li data-start=\"657\" data-end=\"783\">\n<p data-start=\"659\" data-end=\"783\"><a href=\"https:\/\/honigbee.com\/shop\/\" target=\"_blank\" rel=\"noopener\">Nat\u00fcrliche Produkte bei Honigbee ansehen<br \/>\n<\/a><\/p>\n<\/li>\n<li><a href=\"https:\/\/saphirsmaragd.com\/shop\/\" target=\"_blank\" rel=\"noopener\">Edelsteine &amp; Schmuckst\u00fccke bei Saphir &amp; Smaragd entdecken<\/a><\/li>\n<\/ul>","protected":false},"excerpt":{"rendered":"<p data-start=\"440\" data-end=\"586\"><em>Granit Kerzenhalter Nummer 9 aus massivem Naturstein im minimalistischen Design. Stilvolle Dekoration f\u00fcr moderne Wohnr\u00e4ume und besondere Akzente.<\/em><\/p>","protected":false},"featured_media":20942,"comment_status":"open","ping_status":"closed","template":"","meta":{"_glsr_average":0,"_glsr_ranking":0,"_glsr_reviews":0},"product_brand":[],"product_cat":[206],"product_tag":[],"class_list":{"0":"post-20946","1":"product","2":"type-product","3":"status-publish","4":"has-post-thumbnail","6":"product_cat-kerzenhalter","8":"first","9":"instock","10":"shipping-taxable","11":"purchasable","12":"product-type-simple"},"jetpack_sharing_enabled":true,"_links":{"self":[{"href":"https:\/\/matvana.com\/en\/wp-json\/wp\/v2\/product\/20946","targetHints":{"allow":["GET"]}}],"collection":[{"href":"https:\/\/matvana.com\/en\/wp-json\/wp\/v2\/product"}],"about":[{"href":"https:\/\/matvana.com\/en\/wp-json\/wp\/v2\/types\/product"}],"replies":[{"embeddable":true,"href":"https:\/\/matvana.com\/en\/wp-json\/wp\/v2\/comments?post=20946"}],"version-history":[{"count":3,"href":"https:\/\/matvana.com\/en\/wp-json\/wp\/v2\/product\/20946\/revisions"}],"predecessor-version":[{"id":22555,"href":"https:\/\/matvana.com\/en\/wp-json\/wp\/v2\/product\/20946\/revisions\/22555"}],"wp:featuredmedia":[{"embeddable":true,"href":"https:\/\/matvana.com\/en\/wp-json\/wp\/v2\/media\/20942"}],"wp:attachment":[{"href":"https:\/\/matvana.com\/en\/wp-json\/wp\/v2\/media?parent=20946"}],"wp:term":[{"taxonomy":"product_brand","embeddable":true,"href":"https:\/\/matvana.com\/en\/wp-json\/wp\/v2\/product_brand?post=20946"},{"taxonomy":"product_cat","embeddable":true,"href":"https:\/\/matvana.com\/en\/wp-json\/wp\/v2\/product_cat?post=20946"},{"taxonomy":"product_tag","embeddable":true,"href":"https:\/\/matvana.com\/en\/wp-json\/wp\/v2\/product_tag?post=20946"}],"curies":[{"name":"wp","href":"https:\/\/api.w.org\/{rel}","templated":true}]}}