{"id":21784,"date":"2026-04-04T21:03:01","date_gmt":"2026-04-04T19:03:01","guid":{"rendered":"https:\/\/matvana.com\/product\/votive-candle-moroccan-roll\/"},"modified":"2026-04-19T17:53:00","modified_gmt":"2026-04-19T15:53:00","slug":"votivkerze-moroccan-roll","status":"publish","type":"product","link":"https:\/\/matvana.com\/el\/product\/votivkerze-moroccan-roll\/","title":{"rendered":"Votivkerze Moroccan Roll \u2013 Duftkerze im Glas mit warmem, orientalischem Duft aus Sojawachs ca. 9.5 x 9.5 x 9.5 cm"},"content":{"rendered":"<h4 data-start=\"670\" data-end=\"743\">Votivkerze Moroccan Roll f\u00fcr eine warme &amp; orientalische Atmosph\u00e4re<\/h4>\n<p data-start=\"744\" data-end=\"875\">Die Votivkerze Moroccan Roll bringt mit ihrem warmen, orientalischen Duft eine gem\u00fctliche und entspannende Stimmung in Ihr Zuhause.<\/p>\n<hr data-start=\"877\" data-end=\"880\" \/>\n<h4 data-start=\"882\" data-end=\"935\">Exotischer Duft f\u00fcr Entspannung &amp; Wohlbefinden<\/h4>\n<p data-start=\"936\" data-end=\"1055\">Die harmonische Duftkomposition erinnert an orientalische Aromen und sorgt f\u00fcr eine beruhigende, angenehme Raumwirkung.<\/p>\n<hr data-start=\"1057\" data-end=\"1060\" \/>\n<h4 data-start=\"1062\" data-end=\"1112\">Stilvolles Glasdesign f\u00fcr moderne Wohnr\u00e4ume<\/h4>\n<p data-start=\"1113\" data-end=\"1246\">Das elegante Glasgef\u00e4\u00df macht die Kerze zu einem dekorativen Highlight, das sich perfekt in verschiedene Einrichtungsstile integriert.<\/p>\n<hr data-start=\"1248\" data-end=\"1251\" \/>\n<h4 data-start=\"1253\" data-end=\"1304\">Nat\u00fcrliches Sojawachs f\u00fcr sauberes Abbrennen<\/h4>\n<p data-start=\"1305\" data-end=\"1424\">Dank hochwertigem Sojawachs brennt die Kerze gleichm\u00e4\u00dfig und nahezu ru\u00dffrei \u2013 eine nachhaltige und moderne Alternative.<\/p>\n<hr data-start=\"1426\" data-end=\"1429\" \/>\n<h4 data-start=\"1431\" data-end=\"1483\">Ideal als Geschenk oder f\u00fcr gem\u00fctliche Abende<\/h4>\n<p data-start=\"1484\" data-end=\"1593\">Ob als dekoratives Element oder als Geschenk \u2013 diese Duftkerze sorgt jederzeit f\u00fcr eine angenehme Atmosph\u00e4re.<\/p>\n<hr data-start=\"1595\" data-end=\"1598\" \/>\n<h4 data-start=\"1600\" data-end=\"1621\">Produktdetails<\/h4>\n<p data-start=\"1622\" data-end=\"1822\">Material: Sojawachs | Duft\u00f6l | Glas<br data-start=\"1657\" data-end=\"1660\" \/>Duft: Moroccan Roll (warm &amp; orientalisch)<br data-start=\"1701\" data-end=\"1704\" \/>Farbe: Wei\u00df<br data-start=\"1715\" data-end=\"1718\" \/>Gr\u00f6\u00dfe: ca. 9.5 x 9.5 x 9.5 cm<br data-start=\"1747\" data-end=\"1750\" \/>Verwendung: Duftkerze | Entspannung | Wohnaccessoire<br data-start=\"1802\" data-end=\"1805\" \/>Herkunft: China<\/p>\n<hr data-start=\"2312\" data-end=\"2315\" \/>\n<h4 data-start=\"413\" data-end=\"449\">Weitere Inspiration entdecken<\/h4>\n<p data-start=\"450\" data-end=\"582\">Suchen Sie weitere besondere Produkte? Entdecken Sie zus\u00e4tzliche Highlights in unserem Sortiment oder besuchen Sie unsere Partnerprojekte:<\/p>\n<ul data-start=\"584\" data-end=\"920\">\n<li><a href=\"https:\/\/matvana.com\/el\/shop\/\">Stilvolle Wohn- &amp; Geschenkideen bei Matvana entdecken<\/a><\/li>\n<li data-start=\"657\" data-end=\"783\">\n<p data-start=\"659\" data-end=\"783\"><a href=\"https:\/\/honigbee.com\/shop\/\" target=\"_blank\" rel=\"noopener\">Nat\u00fcrliche Produkte bei Honigbee ansehen<br \/>\n<\/a><\/p>\n<\/li>\n<li><a href=\"https:\/\/saphirsmaragd.com\/shop\/\" target=\"_blank\" rel=\"noopener\">Edelsteine &amp; Schmuckst\u00fccke bei Saphir &amp; Smaragd entdecken<\/a><\/li>\n<\/ul>","protected":false},"excerpt":{"rendered":"<p data-start=\"340\" data-end=\"492\"><em>Votivkerze Moroccan Roll mit warmem, orientalischem Duft aus Sojawachs. Stilvolle Duftkerze im Glas f\u00fcr eine gem\u00fctliche und entspannende Atmosph\u00e4re.<\/em><\/p>","protected":false},"featured_media":21778,"comment_status":"open","ping_status":"closed","template":"","meta":{"_glsr_average":0,"_glsr_ranking":0,"_glsr_reviews":0},"product_brand":[],"product_cat":[202],"product_tag":[],"class_list":{"0":"post-21784","1":"product","2":"type-product","3":"status-publish","4":"has-post-thumbnail","6":"product_cat-duftkerzen","8":"first","9":"instock","10":"taxable","11":"shipping-taxable","12":"purchasable","13":"product-type-simple"},"jetpack_sharing_enabled":true,"_links":{"self":[{"href":"https:\/\/matvana.com\/el\/wp-json\/wp\/v2\/product\/21784","targetHints":{"allow":["GET"]}}],"collection":[{"href":"https:\/\/matvana.com\/el\/wp-json\/wp\/v2\/product"}],"about":[{"href":"https:\/\/matvana.com\/el\/wp-json\/wp\/v2\/types\/product"}],"replies":[{"embeddable":true,"href":"https:\/\/matvana.com\/el\/wp-json\/wp\/v2\/comments?post=21784"}],"version-history":[{"count":3,"href":"https:\/\/matvana.com\/el\/wp-json\/wp\/v2\/product\/21784\/revisions"}],"predecessor-version":[{"id":22753,"href":"https:\/\/matvana.com\/el\/wp-json\/wp\/v2\/product\/21784\/revisions\/22753"}],"wp:featuredmedia":[{"embeddable":true,"href":"https:\/\/matvana.com\/el\/wp-json\/wp\/v2\/media\/21778"}],"wp:attachment":[{"href":"https:\/\/matvana.com\/el\/wp-json\/wp\/v2\/media?parent=21784"}],"wp:term":[{"taxonomy":"product_brand","embeddable":true,"href":"https:\/\/matvana.com\/el\/wp-json\/wp\/v2\/product_brand?post=21784"},{"taxonomy":"product_cat","embeddable":true,"href":"https:\/\/matvana.com\/el\/wp-json\/wp\/v2\/product_cat?post=21784"},{"taxonomy":"product_tag","embeddable":true,"href":"https:\/\/matvana.com\/el\/wp-json\/wp\/v2\/product_tag?post=21784"}],"curies":[{"name":"wp","href":"https:\/\/api.w.org\/{rel}","templated":true}]}}