{"id":22038,"date":"2026-04-04T21:41:04","date_gmt":"2026-04-04T19:41:04","guid":{"rendered":"https:\/\/matvana.com\/product\/pillar-candle-60x100mm-red\/"},"modified":"2026-04-22T22:10:18","modified_gmt":"2026-04-22T20:10:18","slug":"stumpenkerze-rot-60x100mm","status":"publish","type":"product","link":"https:\/\/matvana.com\/cs\/product\/stumpenkerze-rot-60x100mm\/","title":{"rendered":"Stumpenkerze Rot 60x100mm \u2013 Gro\u00dfe dekorative Kerze intensiv modern stilvoll ca. 30\u201340h Brenndauer"},"content":{"rendered":"<h4 data-start=\"666\" data-end=\"737\">Stumpenkerze Rot 60x100mm f\u00fcr warme &amp; ausdrucksstarke Atmosph\u00e4re<\/h4>\n<p data-start=\"739\" data-end=\"887\">Die Stumpenkerze Rot 60x100mm bringt mit ihrer intensiven Farbe eine warme, lebendige Stimmung in Ihr Zuhause und setzt starke dekorative Akzente.<\/p>\n<hr data-start=\"889\" data-end=\"892\" \/>\n<h4 data-start=\"894\" data-end=\"937\">Kr\u00e4ftige Farbe f\u00fcr besondere Momente<\/h4>\n<p data-start=\"939\" data-end=\"1056\">Das leuchtende Rot eignet sich ideal f\u00fcr romantische Abende, festliche Dekorationen oder als Blickfang im Wohnraum.<\/p>\n<hr data-start=\"1058\" data-end=\"1061\" \/>\n<h4 data-start=\"1063\" data-end=\"1112\">Klassisches Design f\u00fcr vielseitige Nutzung<\/h4>\n<p data-start=\"1114\" data-end=\"1214\">Durch die schlichte Form passt die Kerze perfekt zu modernen sowie klassischen Einrichtungsstilen.<\/p>\n<hr data-start=\"1216\" data-end=\"1219\" \/>\n<h4 data-start=\"1221\" data-end=\"1267\">Lange Brenndauer f\u00fcr entspannte Stunden<\/h4>\n<p data-start=\"1269\" data-end=\"1361\">Die hochwertige Verarbeitung sorgt f\u00fcr gleichm\u00e4\u00dfiges Abbrennen und langanhaltende Nutzung.<\/p>\n<hr data-start=\"1363\" data-end=\"1366\" \/>\n<h4 data-start=\"1368\" data-end=\"1405\">Perfekt als Deko oder Geschenk<\/h4>\n<p data-start=\"1407\" data-end=\"1499\">Ideal f\u00fcr besondere Anl\u00e4sse wie Valentinstag, Weihnachten oder als stilvolle Geschenkidee.<\/p>\n<hr data-start=\"1501\" data-end=\"1504\" \/>\n<h4 data-start=\"1506\" data-end=\"1527\">Produktdetails<\/h4>\n<p data-start=\"1529\" data-end=\"1712\"><strong data-start=\"1529\" data-end=\"1542\">Material:<\/strong> Paraffinwachs<br data-start=\"1556\" data-end=\"1559\" \/><strong data-start=\"1559\" data-end=\"1569\">Farbe:<\/strong> Rot<br data-start=\"1573\" data-end=\"1576\" \/><strong data-start=\"1576\" data-end=\"1592\">Durchmesser:<\/strong> ca. 5.8 cm<br data-start=\"1603\" data-end=\"1606\" \/><strong data-start=\"1606\" data-end=\"1615\">H\u00f6he:<\/strong> ca. 10 cm<br data-start=\"1625\" data-end=\"1628\" \/><strong data-start=\"1628\" data-end=\"1643\">Brenndauer:<\/strong> ca. 30\u201340 Stunden<br data-start=\"1661\" data-end=\"1664\" \/><strong data-start=\"1664\" data-end=\"1676\">Gewicht:<\/strong> ca. 0.21 kg<br data-start=\"1688\" data-end=\"1691\" \/><strong data-start=\"1691\" data-end=\"1704\">Herkunft:<\/strong> Polen<\/p>\n<hr data-start=\"2147\" data-end=\"2150\" \/>\n<h4 data-start=\"413\" data-end=\"449\">Weitere Inspiration entdecken<\/h4>\n<p data-start=\"450\" data-end=\"582\">Suchen Sie weitere besondere Produkte? Entdecken Sie zus\u00e4tzliche Highlights in unserem Sortiment oder besuchen Sie unsere Partnerprojekte:<\/p>\n<ul data-start=\"584\" data-end=\"920\">\n<li><a href=\"https:\/\/matvana.com\/cs\/shop\/\">Stilvolle Wohn- &amp; Geschenkideen bei Matvana entdecken<\/a><\/li>\n<li data-start=\"657\" data-end=\"783\">\n<p data-start=\"659\" data-end=\"783\"><a href=\"https:\/\/honigbee.com\/shop\/\" target=\"_blank\" rel=\"noopener\">Nat\u00fcrliche Produkte bei Honigbee ansehen<br \/>\n<\/a><\/p>\n<\/li>\n<li><a href=\"https:\/\/saphirsmaragd.com\/shop\/\" target=\"_blank\" rel=\"noopener\">Edelsteine &amp; Schmuckst\u00fccke bei Saphir &amp; Smaragd entdecken<\/a><\/li>\n<\/ul>","protected":false},"excerpt":{"rendered":"<p data-start=\"366\" data-end=\"510\"><em>Stumpenkerze Rot 60x100mm mit intensiver Farbe und klassischem Design. Perfekt f\u00fcr stilvolle Deko, romantische Atmosph\u00e4re und besondere Anl\u00e4sse.<\/em><\/p>","protected":false},"featured_media":22034,"comment_status":"open","ping_status":"closed","template":"","meta":{"_glsr_average":0,"_glsr_ranking":0,"_glsr_reviews":0},"product_brand":[],"product_cat":[209],"product_tag":[],"class_list":{"0":"post-22038","1":"product","2":"type-product","3":"status-publish","4":"has-post-thumbnail","6":"product_cat-deko-kerzen","8":"first","9":"instock","10":"taxable","11":"shipping-taxable","12":"purchasable","13":"product-type-simple"},"jetpack_sharing_enabled":true,"_links":{"self":[{"href":"https:\/\/matvana.com\/cs\/wp-json\/wp\/v2\/product\/22038","targetHints":{"allow":["GET"]}}],"collection":[{"href":"https:\/\/matvana.com\/cs\/wp-json\/wp\/v2\/product"}],"about":[{"href":"https:\/\/matvana.com\/cs\/wp-json\/wp\/v2\/types\/product"}],"replies":[{"embeddable":true,"href":"https:\/\/matvana.com\/cs\/wp-json\/wp\/v2\/comments?post=22038"}],"version-history":[{"count":3,"href":"https:\/\/matvana.com\/cs\/wp-json\/wp\/v2\/product\/22038\/revisions"}],"predecessor-version":[{"id":22900,"href":"https:\/\/matvana.com\/cs\/wp-json\/wp\/v2\/product\/22038\/revisions\/22900"}],"wp:featuredmedia":[{"embeddable":true,"href":"https:\/\/matvana.com\/cs\/wp-json\/wp\/v2\/media\/22034"}],"wp:attachment":[{"href":"https:\/\/matvana.com\/cs\/wp-json\/wp\/v2\/media?parent=22038"}],"wp:term":[{"taxonomy":"product_brand","embeddable":true,"href":"https:\/\/matvana.com\/cs\/wp-json\/wp\/v2\/product_brand?post=22038"},{"taxonomy":"product_cat","embeddable":true,"href":"https:\/\/matvana.com\/cs\/wp-json\/wp\/v2\/product_cat?post=22038"},{"taxonomy":"product_tag","embeddable":true,"href":"https:\/\/matvana.com\/cs\/wp-json\/wp\/v2\/product_tag?post=22038"}],"curies":[{"name":"wp","href":"https:\/\/api.w.org\/{rel}","templated":true}]}}