{"id":20925,"date":"2026-04-04T20:18:54","date_gmt":"2026-04-04T18:18:54","guid":{"rendered":"https:\/\/matvana.com\/product\/vanilla-soy-pot-of-fragrance-candle\/"},"modified":"2026-04-13T16:31:02","modified_gmt":"2026-04-13T14:31:02","slug":"vanilla-sojawachs-duftkerze","status":"publish","type":"product","link":"https:\/\/matvana.com\/cs\/product\/vanilla-sojawachs-duftkerze\/","title":{"rendered":"Vanilla Sojawachs Duftkerze im Glas \u2013 Nat\u00fcrliche Duftkerze mit Vanille Aroma, 7.5 x 5.5 cm"},"content":{"rendered":"<h4 data-start=\"702\" data-end=\"766\">Vanilla Sojawachs Duftkerze f\u00fcr eine stilvolle Atmosph\u00e4re<\/h4>\n<p data-start=\"767\" data-end=\"937\">Diese Vanilla Sojawachs Duftkerze bringt W\u00e4rme, Ruhe und ein angenehmes Ambiente in Ihr Zuhause. Der sanfte Vanilleduft sorgt f\u00fcr eine entspannte und gem\u00fctliche Stimmung.<\/p>\n<hr data-start=\"939\" data-end=\"942\" \/>\n<h4 data-start=\"944\" data-end=\"990\">Nat\u00fcrlicher Duft f\u00fcr entspannte Momente<\/h4>\n<p data-start=\"991\" data-end=\"1138\">Der warme Vanilleduft wirkt beruhigend und schafft eine harmonische Atmosph\u00e4re \u2013 ideal zum Abschalten nach einem langen Tag oder f\u00fcr ruhige Abende.<\/p>\n<hr data-start=\"1140\" data-end=\"1143\" \/>\n<h4 data-start=\"1145\" data-end=\"1196\">Nachhaltiges Sojawachs &amp; saubere Verbrennung<\/h4>\n<p data-start=\"1197\" data-end=\"1361\">Die Vanilla Sojawachs Duftkerze besteht aus hochwertigem Sojawachs und brennt sauber sowie gleichm\u00e4\u00dfig. Sie ist eine nat\u00fcrliche Alternative zu herk\u00f6mmlichen Kerzen.<\/p>\n<hr data-start=\"1363\" data-end=\"1366\" \/>\n<h4 data-start=\"1368\" data-end=\"1429\">Vielseitig einsetzbar f\u00fcr Dekoration &amp; Wohlf\u00fchlmomente<\/h4>\n<p data-start=\"1430\" data-end=\"1566\">Ob im Wohnzimmer, Schlafzimmer oder Badezimmer \u2013 diese Duftkerze passt perfekt in jede Umgebung und sorgt f\u00fcr eine angenehme Atmosph\u00e4re.<\/p>\n<hr data-start=\"1568\" data-end=\"1571\" \/>\n<h4 data-start=\"1573\" data-end=\"1594\">Produktdetails<\/h4>\n<p data-start=\"1595\" data-end=\"1691\">Material: Sojawachs<br data-start=\"1614\" data-end=\"1617\" \/>Duft: Vanille<br data-start=\"1630\" data-end=\"1633\" \/>Ma\u00dfe: 7.5 x 5.5 cm<br data-start=\"1651\" data-end=\"1654\" \/>Gewicht: ca. 0.12 kg<br data-start=\"1674\" data-end=\"1677\" \/>Herkunft: China<\/p>\n<hr data-start=\"2147\" data-end=\"2150\" \/>\n<h4 data-start=\"413\" data-end=\"449\">Weitere Inspiration entdecken<\/h4>\n<p data-start=\"450\" data-end=\"582\">Suchen Sie weitere besondere Produkte? Entdecken Sie zus\u00e4tzliche Highlights in unserem Sortiment oder besuchen Sie unsere Partnerprojekte:<\/p>\n<ul data-start=\"584\" data-end=\"920\">\n<li><a href=\"https:\/\/matvana.com\/cs\/shop\/\">Stilvolle Wohn- &amp; Geschenkideen bei Matvana entdecken<\/a><\/li>\n<li data-start=\"657\" data-end=\"783\">\n<p data-start=\"659\" data-end=\"783\"><a href=\"https:\/\/honigbee.com\/shop\/\" target=\"_blank\" rel=\"noopener\">Nat\u00fcrliche Produkte bei Honigbee ansehen<br \/>\n<\/a><\/p>\n<\/li>\n<li><a href=\"https:\/\/saphirsmaragd.com\/shop\/\" target=\"_blank\" rel=\"noopener\">Edelsteine &amp; Schmuckst\u00fccke bei Saphir &amp; Smaragd entdecken<\/a><\/li>\n<\/ul>","protected":false},"excerpt":{"rendered":"<p data-start=\"511\" data-end=\"639\"><em>Vanilla Sojawachs Duftkerze im Glas mit warmem, beruhigendem Vanilleduft. Perfekt f\u00fcr entspannte Abende und stilvolle Wohnr\u00e4ume.<\/em><\/p>","protected":false},"featured_media":20924,"comment_status":"open","ping_status":"closed","template":"","meta":{"_glsr_average":0,"_glsr_ranking":0,"_glsr_reviews":0},"product_brand":[],"product_cat":[202],"product_tag":[],"class_list":{"0":"post-20925","1":"product","2":"type-product","3":"status-publish","4":"has-post-thumbnail","6":"product_cat-duftkerzen","8":"first","9":"instock","10":"taxable","11":"shipping-taxable","12":"purchasable","13":"product-type-simple"},"jetpack_sharing_enabled":true,"_links":{"self":[{"href":"https:\/\/matvana.com\/cs\/wp-json\/wp\/v2\/product\/20925","targetHints":{"allow":["GET"]}}],"collection":[{"href":"https:\/\/matvana.com\/cs\/wp-json\/wp\/v2\/product"}],"about":[{"href":"https:\/\/matvana.com\/cs\/wp-json\/wp\/v2\/types\/product"}],"replies":[{"embeddable":true,"href":"https:\/\/matvana.com\/cs\/wp-json\/wp\/v2\/comments?post=20925"}],"version-history":[{"count":3,"href":"https:\/\/matvana.com\/cs\/wp-json\/wp\/v2\/product\/20925\/revisions"}],"predecessor-version":[{"id":22550,"href":"https:\/\/matvana.com\/cs\/wp-json\/wp\/v2\/product\/20925\/revisions\/22550"}],"wp:featuredmedia":[{"embeddable":true,"href":"https:\/\/matvana.com\/cs\/wp-json\/wp\/v2\/media\/20924"}],"wp:attachment":[{"href":"https:\/\/matvana.com\/cs\/wp-json\/wp\/v2\/media?parent=20925"}],"wp:term":[{"taxonomy":"product_brand","embeddable":true,"href":"https:\/\/matvana.com\/cs\/wp-json\/wp\/v2\/product_brand?post=20925"},{"taxonomy":"product_cat","embeddable":true,"href":"https:\/\/matvana.com\/cs\/wp-json\/wp\/v2\/product_cat?post=20925"},{"taxonomy":"product_tag","embeddable":true,"href":"https:\/\/matvana.com\/cs\/wp-json\/wp\/v2\/product_tag?post=20925"}],"curies":[{"name":"wp","href":"https:\/\/api.w.org\/{rel}","templated":true}]}}