{"id":20658,"date":"2026-04-04T20:08:21","date_gmt":"2026-04-04T18:08:21","guid":{"rendered":"https:\/\/matvana.com\/product\/magic-spell-candle-prosperity\/"},"modified":"2026-04-11T13:31:39","modified_gmt":"2026-04-11T11:31:39","slug":"magische-duftkerze-wohlstand","status":"publish","type":"product","link":"https:\/\/matvana.com\/cs\/product\/magische-duftkerze-wohlstand\/","title":{"rendered":"Magische Duftkerze Wohlstand \u2013 Sojawachs Kerze 50h Brenndauer im Glas 20 x 5 cm"},"content":{"rendered":"<h4 data-start=\"666\" data-end=\"733\">Magische Duftkerze Wohlstand f\u00fcr Erfolg und positive Energie<\/h4>\n<p data-start=\"734\" data-end=\"969\">Die Magische Duftkerze Wohlstand steht f\u00fcr F\u00fclle, Erfolg und neue M\u00f6glichkeiten. Ihr warmes Licht schafft eine Atmosph\u00e4re, die dich dabei unterst\u00fctzt, dich auf Wachstum, finanzielle Stabilit\u00e4t und positive Ver\u00e4nderungen zu fokussieren.<\/p>\n<hr data-start=\"971\" data-end=\"974\" \/>\n<h4 data-start=\"976\" data-end=\"1027\">Symbol f\u00fcr Erfolg, Reichtum und neue Chancen<\/h4>\n<p data-start=\"1028\" data-end=\"1056\">Diese Kerze ist ideal f\u00fcr:<\/p>\n<ul data-start=\"1057\" data-end=\"1183\">\n<li data-section-id=\"r4kgax\" data-start=\"1057\" data-end=\"1098\">das Anziehen von Wohlstand und Erfolg<\/li>\n<li data-section-id=\"1k0vev5\" data-start=\"1099\" data-end=\"1135\">positive Gedanken und Motivation<\/li>\n<li data-section-id=\"17ndvk0\" data-start=\"1136\" data-end=\"1183\">Fokus auf Ziele und pers\u00f6nliche Entwicklung<\/li>\n<\/ul>\n<p data-start=\"1185\" data-end=\"1256\">Perfekt f\u00fcr t\u00e4gliche Rituale oder als inspirierendes Element im Alltag.<\/p>\n<hr data-start=\"1258\" data-end=\"1261\" \/>\n<h4 data-start=\"1263\" data-end=\"1313\">Hochwertige Materialien &amp; stilvolles Design<\/h4>\n<p data-start=\"1314\" data-end=\"1330\">Gefertigt aus:<\/p>\n<ul data-start=\"1331\" data-end=\"1415\">\n<li data-section-id=\"rsbxeq\" data-start=\"1331\" data-end=\"1356\">nat\u00fcrlichem Sojawachs<\/li>\n<li data-section-id=\"3fi1rk\" data-start=\"1357\" data-end=\"1383\">hochwertigem Glasgef\u00e4\u00df<\/li>\n<li data-section-id=\"1p8vu5n\" data-start=\"1384\" data-end=\"1415\">schlichtem, modernem Design<\/li>\n<\/ul>\n<p data-start=\"1417\" data-end=\"1496\">Passt perfekt in jedes Zuhause und sorgt f\u00fcr eine ruhige, stilvolle Atmosph\u00e4re.<\/p>\n<hr data-start=\"1498\" data-end=\"1501\" \/>\n<h4 data-start=\"1503\" data-end=\"1550\">Lange Brenndauer f\u00fcr nachhaltige Energie<\/h4>\n<p data-start=\"1551\" data-end=\"1668\">Mit bis zu <strong data-start=\"1562\" data-end=\"1587\">50 Stunden Brenndauer<\/strong> begleitet dich diese Kerze \u00fcber viele entspannte und fokussierte Momente hinweg.<\/p>\n<hr data-start=\"1670\" data-end=\"1673\" \/>\n<h4 data-start=\"1675\" data-end=\"1703\">Vielseitig einsetzbar<\/h4>\n<p data-start=\"1704\" data-end=\"1716\">Ideal f\u00fcr:<\/p>\n<ul data-start=\"1717\" data-end=\"1840\">\n<li data-section-id=\"exiv55\" data-start=\"1717\" data-end=\"1749\">Meditation und Manifestation<\/li>\n<li data-section-id=\"123tlh0\" data-start=\"1750\" data-end=\"1782\">t\u00e4gliche Entspannungsrituale<\/li>\n<li data-section-id=\"1r3r9gr\" data-start=\"1783\" data-end=\"1813\">Fokus auf Erfolg und Ziele<\/li>\n<li data-section-id=\"s332x\" data-start=\"1814\" data-end=\"1840\">Geschenk mit Bedeutung<\/li>\n<\/ul>\n<hr data-start=\"1842\" data-end=\"1845\" \/>\n<h4 data-start=\"1847\" data-end=\"1868\">Produktdetails<\/h4>\n<p data-start=\"1869\" data-end=\"2017\">Duft: Angenehm \/ beruhigend<br data-start=\"1896\" data-end=\"1899\" \/>Material: Sojawachs, Glas<br data-start=\"1924\" data-end=\"1927\" \/>Brenndauer: ca. 50 Stunden<br data-start=\"1953\" data-end=\"1956\" \/>Gr\u00f6\u00dfe: ca. 20 x 5 cm<br data-start=\"1976\" data-end=\"1979\" \/>Gewicht: ca. 280 g<br data-start=\"1997\" data-end=\"2000\" \/>Herkunft: China<\/p>\n<hr data-start=\"2147\" data-end=\"2150\" \/>\n<h4 data-start=\"413\" data-end=\"449\">Weitere Inspiration entdecken<\/h4>\n<p data-start=\"450\" data-end=\"582\">Suchen Sie weitere besondere Produkte? Entdecken Sie zus\u00e4tzliche Highlights in unserem Sortiment oder besuchen Sie unsere Partnerprojekte:<\/p>\n<ul data-start=\"584\" data-end=\"920\">\n<li><a href=\"https:\/\/matvana.com\/cs\/shop\/\">Stilvolle Wohn- &amp; Geschenkideen bei Matvana entdecken<\/a><\/li>\n<li data-start=\"657\" data-end=\"783\">\n<p data-start=\"659\" data-end=\"783\"><a href=\"https:\/\/honigbee.com\/shop\/\" target=\"_blank\" rel=\"noopener\">Nat\u00fcrliche Produkte bei Honigbee ansehen<br \/>\n<\/a><\/p>\n<\/li>\n<li><a href=\"https:\/\/saphirsmaragd.com\/shop\/\" target=\"_blank\" rel=\"noopener\">Edelsteine &amp; Schmuckst\u00fccke bei Saphir &amp; Smaragd entdecken<\/a><\/li>\n<\/ul>","protected":false},"excerpt":{"rendered":"<p data-start=\"389\" data-end=\"531\"><em>Magische Duftkerze Wohlstand mit 50 Stunden Brenndauer. Perfekt f\u00fcr positive Energie, finanziellen Erfolg und eine harmonische Atmosph\u00e4re.<\/em><\/p>","protected":false},"featured_media":20652,"comment_status":"open","ping_status":"closed","template":"","meta":{"_glsr_average":0,"_glsr_ranking":0,"_glsr_reviews":0},"product_brand":[],"product_cat":[203,202,204],"product_tag":[],"class_list":{"0":"post-20658","1":"product","2":"type-product","3":"status-publish","4":"has-post-thumbnail","6":"product_cat-ritualkerzen","7":"product_cat-duftkerzen","8":"product_cat-geschenkkerzen","10":"first","11":"instock","12":"taxable","13":"shipping-taxable","14":"purchasable","15":"product-type-simple"},"jetpack_sharing_enabled":true,"_links":{"self":[{"href":"https:\/\/matvana.com\/cs\/wp-json\/wp\/v2\/product\/20658","targetHints":{"allow":["GET"]}}],"collection":[{"href":"https:\/\/matvana.com\/cs\/wp-json\/wp\/v2\/product"}],"about":[{"href":"https:\/\/matvana.com\/cs\/wp-json\/wp\/v2\/types\/product"}],"replies":[{"embeddable":true,"href":"https:\/\/matvana.com\/cs\/wp-json\/wp\/v2\/comments?post=20658"}],"version-history":[{"count":3,"href":"https:\/\/matvana.com\/cs\/wp-json\/wp\/v2\/product\/20658\/revisions"}],"predecessor-version":[{"id":22390,"href":"https:\/\/matvana.com\/cs\/wp-json\/wp\/v2\/product\/20658\/revisions\/22390"}],"wp:featuredmedia":[{"embeddable":true,"href":"https:\/\/matvana.com\/cs\/wp-json\/wp\/v2\/media\/20652"}],"wp:attachment":[{"href":"https:\/\/matvana.com\/cs\/wp-json\/wp\/v2\/media?parent=20658"}],"wp:term":[{"taxonomy":"product_brand","embeddable":true,"href":"https:\/\/matvana.com\/cs\/wp-json\/wp\/v2\/product_brand?post=20658"},{"taxonomy":"product_cat","embeddable":true,"href":"https:\/\/matvana.com\/cs\/wp-json\/wp\/v2\/product_cat?post=20658"},{"taxonomy":"product_tag","embeddable":true,"href":"https:\/\/matvana.com\/cs\/wp-json\/wp\/v2\/product_tag?post=20658"}],"curies":[{"name":"wp","href":"https:\/\/api.w.org\/{rel}","templated":true}]}}