{"id":20417,"date":"2026-04-04T19:57:57","date_gmt":"2026-04-04T17:57:57","guid":{"rendered":"https:\/\/matvana.com\/product\/candle-holder-sign-home\/"},"modified":"2026-04-06T15:31:31","modified_gmt":"2026-04-06T13:31:31","slug":"kerzenhalter-schild-home","status":"publish","type":"product","link":"https:\/\/matvana.com\/cs\/product\/kerzenhalter-schild-home\/","title":{"rendered":"Kerzenhalter Schild Home \u2013 Holz Deko mit Metallst\u00e4nder 29x31x16 cm"},"content":{"rendered":"<h4 data-start=\"116\" data-end=\"171\">Kerzenhalter Schild Home f\u00fcr stilvolle Wohnr\u00e4ume<\/h4>\n<p data-start=\"172\" data-end=\"375\">Das Kerzenhalter Schild Home bringt eine warme und nat\u00fcrliche Atmosph\u00e4re in Ihr Zuhause. Die Kombination aus massivem Holz und stabilem Metall sorgt f\u00fcr einen modernen, aber gleichzeitig rustikalen Look.<\/p>\n<hr data-start=\"377\" data-end=\"380\" \/>\n<h4 data-start=\"382\" data-end=\"409\">Design &amp; Materialien<\/h4>\n<p data-start=\"410\" data-end=\"623\">Gefertigt aus hochwertigem Gamal Holz und kombiniert mit einem robusten Metallst\u00e4nder, \u00fcberzeugt dieses Dekoelement durch seine nat\u00fcrliche Ausstrahlung. Die feine Maserung des Holzes macht jedes St\u00fcck einzigartig.<\/p>\n<hr data-start=\"625\" data-end=\"628\" \/>\n<h4 data-start=\"630\" data-end=\"659\">Vielseitige Dekoration<\/h4>\n<p data-start=\"660\" data-end=\"855\">Ob im Wohnzimmer, Flur oder Eingangsbereich \u2013 das Kerzenhalter Schild Home setzt stilvolle Akzente und passt perfekt zu modernen sowie klassischen Einrichtungsstilen. Ideal auch als Geschenkidee.<\/p>\n<hr data-start=\"857\" data-end=\"860\" \/>\n<h4 data-start=\"862\" data-end=\"883\">Produktdetails<\/h4>\n<p data-start=\"884\" data-end=\"1125\">Material: Gamal Holz, Metall, Seegras<br data-start=\"921\" data-end=\"924\" \/>Ma\u00dfe: 29 x 31 x 16 cm<br data-start=\"945\" data-end=\"948\" \/>Gewicht: ca. 1 kg<br data-start=\"965\" data-end=\"968\" \/>Verwendung: Kerzenhalter \/ Dekoschild \/ Wohnaccessoire<br data-start=\"1022\" data-end=\"1025\" \/>Besonderheit: Handgefertigtes Holzschild mit Schriftzug \u201eHome\u201c<br data-start=\"1087\" data-end=\"1090\" \/>Stil: Nat\u00fcrlich, Rustikal, Modern<\/p>\n<hr data-start=\"2147\" data-end=\"2150\" \/>\n<h4 data-start=\"413\" data-end=\"449\">Weitere Inspiration entdecken<\/h4>\n<p data-start=\"450\" data-end=\"582\">Suchen Sie weitere besondere Produkte? Entdecken Sie zus\u00e4tzliche Highlights in unserem Sortiment oder besuchen Sie unsere Partnerprojekte:<\/p>\n<ul data-start=\"584\" data-end=\"920\">\n<li><a href=\"https:\/\/matvana.com\/cs\/shop\/\">Stilvolle Wohn- &amp; Geschenkideen bei Matvana entdecken<\/a><\/li>\n<li data-start=\"657\" data-end=\"783\">\n<p data-start=\"659\" data-end=\"783\"><a href=\"https:\/\/honigbee.com\/shop\/\" target=\"_blank\" rel=\"noopener\">Nat\u00fcrliche Produkte bei Honigbee ansehen<br \/>\n<\/a><\/p>\n<\/li>\n<li><a href=\"https:\/\/saphirsmaragd.com\/shop\/\" target=\"_blank\" rel=\"noopener\">Edelsteine &amp; Schmuckst\u00fccke bei Saphir &amp; Smaragd entdecken<\/a><\/li>\n<\/ul>","protected":false},"excerpt":{"rendered":"<p data-start=\"276\" data-end=\"405\"><em>Kerzenhalter Schild Home aus Holz mit Metallst\u00e4nder. Stilvolle Deko f\u00fcr Wohnzimmer und Eingangsbereich im nat\u00fcrlichen Design.<\/em><\/p>","protected":false},"featured_media":20416,"comment_status":"open","ping_status":"closed","template":"","meta":{"_glsr_average":0,"_glsr_ranking":0,"_glsr_reviews":0},"product_brand":[],"product_cat":[206],"product_tag":[],"class_list":{"0":"post-20417","1":"product","2":"type-product","3":"status-publish","4":"has-post-thumbnail","6":"product_cat-kerzenhalter","8":"first","9":"instock","10":"taxable","11":"shipping-taxable","12":"purchasable","13":"product-type-simple"},"jetpack_sharing_enabled":true,"_links":{"self":[{"href":"https:\/\/matvana.com\/cs\/wp-json\/wp\/v2\/product\/20417","targetHints":{"allow":["GET"]}}],"collection":[{"href":"https:\/\/matvana.com\/cs\/wp-json\/wp\/v2\/product"}],"about":[{"href":"https:\/\/matvana.com\/cs\/wp-json\/wp\/v2\/types\/product"}],"replies":[{"embeddable":true,"href":"https:\/\/matvana.com\/cs\/wp-json\/wp\/v2\/comments?post=20417"}],"version-history":[{"count":3,"href":"https:\/\/matvana.com\/cs\/wp-json\/wp\/v2\/product\/20417\/revisions"}],"predecessor-version":[{"id":22290,"href":"https:\/\/matvana.com\/cs\/wp-json\/wp\/v2\/product\/20417\/revisions\/22290"}],"wp:featuredmedia":[{"embeddable":true,"href":"https:\/\/matvana.com\/cs\/wp-json\/wp\/v2\/media\/20416"}],"wp:attachment":[{"href":"https:\/\/matvana.com\/cs\/wp-json\/wp\/v2\/media?parent=20417"}],"wp:term":[{"taxonomy":"product_brand","embeddable":true,"href":"https:\/\/matvana.com\/cs\/wp-json\/wp\/v2\/product_brand?post=20417"},{"taxonomy":"product_cat","embeddable":true,"href":"https:\/\/matvana.com\/cs\/wp-json\/wp\/v2\/product_cat?post=20417"},{"taxonomy":"product_tag","embeddable":true,"href":"https:\/\/matvana.com\/cs\/wp-json\/wp\/v2\/product_tag?post=20417"}],"curies":[{"name":"wp","href":"https:\/\/api.w.org\/{rel}","templated":true}]}}