{"id":22018,"date":"2026-04-04T21:40:36","date_gmt":"2026-04-04T19:40:36","guid":{"rendered":"https:\/\/matvana.com\/product\/set-of-pillar-candles-40x80mm-4-pieces-red\/"},"modified":"2026-04-22T21:56:09","modified_gmt":"2026-04-22T19:56:09","slug":"stumpenkerzen-set-rot-4er-set-kerzen","status":"publish","type":"product","link":"https:\/\/matvana.com\/bg\/product\/stumpenkerzen-set-rot-4er-set-kerzen\/","title":{"rendered":"Stumpenkerzen Set Rot \u2013 4er Set Kerzen 40x80mm dekorative Kerzen f\u00fcr Zuhause ca. 10\u201312h Brenndauer"},"content":{"rendered":"<h4 data-start=\"663\" data-end=\"724\">Stumpenkerzen Set Rot f\u00fcr warme &amp; intensive Atmosph\u00e4re<\/h4>\n<p data-start=\"726\" data-end=\"870\">Das Stumpenkerzen Set Rot sorgt mit seiner kr\u00e4ftigen Farbe und gr\u00f6\u00dferen Form f\u00fcr eine besonders warme und stilvolle Stimmung in Ihrem Zuhause.<\/p>\n<hr data-start=\"872\" data-end=\"875\" \/>\n<h4 data-start=\"877\" data-end=\"924\">Ausdrucksstarkes Design in kr\u00e4ftigem Rot<\/h4>\n<p data-start=\"926\" data-end=\"1044\">Die intensive rote Farbe setzt starke Akzente und eignet sich perfekt f\u00fcr festliche Anl\u00e4sse oder romantische Abende.<\/p>\n<hr data-start=\"1046\" data-end=\"1049\" \/>\n<h4 data-start=\"1051\" data-end=\"1104\">Praktisches 4er Set f\u00fcr vielseitige Dekoration<\/h4>\n<p data-start=\"1106\" data-end=\"1222\">Mit vier Kerzen im Set haben Sie viele Einsatzm\u00f6glichkeiten \u2013 ideal f\u00fcr Tischdekorationen, Events oder den Alltag.<\/p>\n<hr data-start=\"1224\" data-end=\"1227\" \/>\n<h4 data-start=\"1229\" data-end=\"1271\">L\u00e4ngere Brenndauer f\u00fcr mehr Komfort<\/h4>\n<p data-start=\"1273\" data-end=\"1382\">Durch die gr\u00f6\u00dfere H\u00f6he bieten diese Kerzen eine l\u00e4ngere Brenndauer und sorgen f\u00fcr viele entspannte Stunden.<\/p>\n<hr data-start=\"1384\" data-end=\"1387\" \/>\n<h4 data-start=\"1389\" data-end=\"1425\">Perfekt f\u00fcr besondere Anl\u00e4sse<\/h4>\n<p data-start=\"1427\" data-end=\"1509\">Ideal f\u00fcr Weihnachten, Dinner-Abende oder als dekoratives Highlight im Wohnraum.<\/p>\n<hr data-start=\"1511\" data-end=\"1514\" \/>\n<h4 data-start=\"1516\" data-end=\"1537\">Produktdetails<\/h4>\n<p data-start=\"1539\" data-end=\"1723\"><strong data-start=\"1539\" data-end=\"1552\">Material:<\/strong> Paraffinwachs<br data-start=\"1566\" data-end=\"1569\" \/><strong data-start=\"1569\" data-end=\"1579\">Farbe:<\/strong> Rot<br data-start=\"1583\" data-end=\"1586\" \/><strong data-start=\"1586\" data-end=\"1594\">Set:<\/strong> 4 St\u00fcck<br data-start=\"1602\" data-end=\"1605\" \/><strong data-start=\"1605\" data-end=\"1615\">Gr\u00f6\u00dfe:<\/strong> 40 x 80 mm<br data-start=\"1626\" data-end=\"1629\" \/><strong data-start=\"1629\" data-end=\"1644\">Brenndauer:<\/strong> ca. 10\u201312 Stunden pro Kerze<br data-start=\"1672\" data-end=\"1675\" \/><strong data-start=\"1675\" data-end=\"1687\">Gewicht:<\/strong> ca. 0.31 kg<br data-start=\"1699\" data-end=\"1702\" \/><strong data-start=\"1702\" data-end=\"1715\">Herkunft:<\/strong> Polen<\/p>\n<hr data-start=\"2147\" data-end=\"2150\" \/>\n<h4 data-start=\"413\" data-end=\"449\">Weitere Inspiration entdecken<\/h4>\n<p data-start=\"450\" data-end=\"582\">Suchen Sie weitere besondere Produkte? Entdecken Sie zus\u00e4tzliche Highlights in unserem Sortiment oder besuchen Sie unsere Partnerprojekte:<\/p>\n<ul data-start=\"584\" data-end=\"920\">\n<li><a href=\"https:\/\/matvana.com\/bg\/shop\/\">Stilvolle Wohn- &amp; Geschenkideen bei Matvana entdecken<\/a><\/li>\n<li data-start=\"657\" data-end=\"783\">\n<p data-start=\"659\" data-end=\"783\"><a href=\"https:\/\/honigbee.com\/shop\/\" target=\"_blank\" rel=\"noopener\">Nat\u00fcrliche Produkte bei Honigbee ansehen<br \/>\n<\/a><\/p>\n<\/li>\n<li><a href=\"https:\/\/saphirsmaragd.com\/shop\/\" target=\"_blank\" rel=\"noopener\">Edelsteine &amp; Schmuckst\u00fccke bei Saphir &amp; Smaragd entdecken<\/a><\/li>\n<\/ul>","protected":false},"excerpt":{"rendered":"<p data-start=\"376\" data-end=\"506\"><em>Stumpenkerzen Set Rot im 4er Set mit intensiver Farbe und gr\u00f6\u00dferem Format. Perfekt f\u00fcr festliche Dekoration und gem\u00fctliche Abende.<\/em><\/p>","protected":false},"featured_media":22014,"comment_status":"open","ping_status":"closed","template":"","meta":{"_glsr_average":0,"_glsr_ranking":0,"_glsr_reviews":0},"product_brand":[],"product_cat":[209],"product_tag":[],"class_list":{"0":"post-22018","1":"product","2":"type-product","3":"status-publish","4":"has-post-thumbnail","6":"product_cat-deko-kerzen","8":"first","9":"instock","10":"taxable","11":"shipping-taxable","12":"purchasable","13":"product-type-simple"},"jetpack_sharing_enabled":true,"_links":{"self":[{"href":"https:\/\/matvana.com\/bg\/wp-json\/wp\/v2\/product\/22018","targetHints":{"allow":["GET"]}}],"collection":[{"href":"https:\/\/matvana.com\/bg\/wp-json\/wp\/v2\/product"}],"about":[{"href":"https:\/\/matvana.com\/bg\/wp-json\/wp\/v2\/types\/product"}],"replies":[{"embeddable":true,"href":"https:\/\/matvana.com\/bg\/wp-json\/wp\/v2\/comments?post=22018"}],"version-history":[{"count":3,"href":"https:\/\/matvana.com\/bg\/wp-json\/wp\/v2\/product\/22018\/revisions"}],"predecessor-version":[{"id":22888,"href":"https:\/\/matvana.com\/bg\/wp-json\/wp\/v2\/product\/22018\/revisions\/22888"}],"wp:featuredmedia":[{"embeddable":true,"href":"https:\/\/matvana.com\/bg\/wp-json\/wp\/v2\/media\/22014"}],"wp:attachment":[{"href":"https:\/\/matvana.com\/bg\/wp-json\/wp\/v2\/media?parent=22018"}],"wp:term":[{"taxonomy":"product_brand","embeddable":true,"href":"https:\/\/matvana.com\/bg\/wp-json\/wp\/v2\/product_brand?post=22018"},{"taxonomy":"product_cat","embeddable":true,"href":"https:\/\/matvana.com\/bg\/wp-json\/wp\/v2\/product_cat?post=22018"},{"taxonomy":"product_tag","embeddable":true,"href":"https:\/\/matvana.com\/bg\/wp-json\/wp\/v2\/product_tag?post=22018"}],"curies":[{"name":"wp","href":"https:\/\/api.w.org\/{rel}","templated":true}]}}