{"id":21541,"date":"2026-04-04T20:57:56","date_gmt":"2026-04-04T18:57:56","guid":{"rendered":"https:\/\/matvana.com\/product\/small-floating-candles-lavender\/"},"modified":"2026-04-19T17:09:41","modified_gmt":"2026-04-19T15:09:41","slug":"schwimmkerzen-lavendel-2","status":"publish","type":"product","link":"https:\/\/matvana.com\/bg\/product\/schwimmkerzen-lavendel-2\/","title":{"rendered":"Schwimmkerzen Lavendel \u2013 Kleine Floating Kerzen f\u00fcr Deko &#038; Hochzeit ca. 4 x 4 x 2.5 cm"},"content":{"rendered":"<h4 data-start=\"637\" data-end=\"690\">Schwimmkerzen Lavendel f\u00fcr romantische Momente<\/h4>\n<p data-start=\"691\" data-end=\"893\">Schwimmkerzen Lavendel sind die perfekte Wahl f\u00fcr stilvolle und romantische Dekorationen. Ob f\u00fcr Hochzeiten, Events oder gem\u00fctliche Abende \u2013 sie schaffen eine besondere Atmosph\u00e4re auf Wasseroberfl\u00e4chen.<\/p>\n<hr data-start=\"895\" data-end=\"898\" \/>\n<h4 data-start=\"900\" data-end=\"940\">Perfekt f\u00fcr Hochzeiten und Events<\/h4>\n<p data-start=\"941\" data-end=\"1107\">Diese kleinen Floating Kerzen eignen sich ideal f\u00fcr Tischdekorationen in Gl\u00e4sern, Schalen oder Vasen. Besonders beliebt sind sie f\u00fcr Hochzeiten und festliche Anl\u00e4sse.<\/p>\n<hr data-start=\"1109\" data-end=\"1112\" \/>\n<h4 data-start=\"1114\" data-end=\"1155\">Lange Brenndauer f\u00fcr kleine Kerzen<\/h4>\n<p data-start=\"1156\" data-end=\"1288\">Trotz ihrer kompakten Gr\u00f6\u00dfe \u00fcberzeugen die Kerzen mit einer Brenndauer von bis zu 3 Stunden und sorgen so f\u00fcr langanhaltendes Licht.<\/p>\n<hr data-start=\"1290\" data-end=\"1293\" \/>\n<h4 data-start=\"1295\" data-end=\"1323\">Vielseitig einsetzbar<\/h4>\n<p data-start=\"1324\" data-end=\"1472\">Ob im Wohnzimmer, im Garten oder als Teil einer Wellness-Dekoration \u2013 diese Kerzen sind flexibel einsetzbar und passen zu vielen Einrichtungsstilen.<\/p>\n<hr data-start=\"1474\" data-end=\"1477\" \/>\n<h4 data-start=\"1479\" data-end=\"1508\">Stilvolle Geschenkidee<\/h4>\n<p data-start=\"1509\" data-end=\"1636\">Schwimmkerzen Lavendel eignen sich auch hervorragend als kleines Geschenk oder als dekoratives Highlight f\u00fcr besondere Anl\u00e4sse.<\/p>\n<hr data-start=\"1638\" data-end=\"1641\" \/>\n<h4 data-start=\"1643\" data-end=\"1664\">Produktdetails<\/h4>\n<p data-start=\"1665\" data-end=\"1830\">Material: Paraffinwachs<br data-start=\"1688\" data-end=\"1691\" \/>Farbe: Lavendel \/ Pink<br data-start=\"1713\" data-end=\"1716\" \/>Gr\u00f6\u00dfe: ca. 4 x 4 x 2.5 cm<br data-start=\"1741\" data-end=\"1744\" \/>Brenndauer: ca. 3 Stunden<br data-start=\"1769\" data-end=\"1772\" \/>Verwendung: Schwimmkerzen \/ Dekoration<br data-start=\"1810\" data-end=\"1813\" \/>Herkunft: China<\/p>\n<hr data-start=\"2312\" data-end=\"2315\" \/>\n<h4 data-start=\"413\" data-end=\"449\">Weitere Inspiration entdecken<\/h4>\n<p data-start=\"450\" data-end=\"582\">Suchen Sie weitere besondere Produkte? Entdecken Sie zus\u00e4tzliche Highlights in unserem Sortiment oder besuchen Sie unsere Partnerprojekte:<\/p>\n<ul data-start=\"584\" data-end=\"920\">\n<li><a href=\"https:\/\/matvana.com\/bg\/shop\/\">Stilvolle Wohn- &amp; Geschenkideen bei Matvana entdecken<\/a><\/li>\n<li data-start=\"657\" data-end=\"783\">\n<p data-start=\"659\" data-end=\"783\"><a href=\"https:\/\/honigbee.com\/shop\/\" target=\"_blank\" rel=\"noopener\">Nat\u00fcrliche Produkte bei Honigbee ansehen<br \/>\n<\/a><\/p>\n<\/li>\n<li><a href=\"https:\/\/saphirsmaragd.com\/shop\/\" target=\"_blank\" rel=\"noopener\">Edelsteine &amp; Schmuckst\u00fccke bei Saphir &amp; Smaragd entdecken<\/a><\/li>\n<\/ul>","protected":false},"excerpt":{"rendered":"<p data-start=\"329\" data-end=\"466\"><em>Schwimmkerzen Lavendel f\u00fcr romantische Dekorationen. Kleine Floating Kerzen perfekt f\u00fcr Hochzeiten, Events und entspannte Atmosph\u00e4re.<\/em><\/p>","protected":false},"featured_media":21535,"comment_status":"open","ping_status":"closed","template":"","meta":{"_glsr_average":0,"_glsr_ranking":0,"_glsr_reviews":0},"product_brand":[],"product_cat":[209],"product_tag":[],"class_list":{"0":"post-21541","1":"product","2":"type-product","3":"status-publish","4":"has-post-thumbnail","6":"product_cat-deko-kerzen","8":"first","9":"instock","10":"taxable","11":"shipping-taxable","12":"purchasable","13":"product-type-simple"},"jetpack_sharing_enabled":true,"_links":{"self":[{"href":"https:\/\/matvana.com\/bg\/wp-json\/wp\/v2\/product\/21541","targetHints":{"allow":["GET"]}}],"collection":[{"href":"https:\/\/matvana.com\/bg\/wp-json\/wp\/v2\/product"}],"about":[{"href":"https:\/\/matvana.com\/bg\/wp-json\/wp\/v2\/types\/product"}],"replies":[{"embeddable":true,"href":"https:\/\/matvana.com\/bg\/wp-json\/wp\/v2\/comments?post=21541"}],"version-history":[{"count":3,"href":"https:\/\/matvana.com\/bg\/wp-json\/wp\/v2\/product\/21541\/revisions"}],"predecessor-version":[{"id":22717,"href":"https:\/\/matvana.com\/bg\/wp-json\/wp\/v2\/product\/21541\/revisions\/22717"}],"wp:featuredmedia":[{"embeddable":true,"href":"https:\/\/matvana.com\/bg\/wp-json\/wp\/v2\/media\/21535"}],"wp:attachment":[{"href":"https:\/\/matvana.com\/bg\/wp-json\/wp\/v2\/media?parent=21541"}],"wp:term":[{"taxonomy":"product_brand","embeddable":true,"href":"https:\/\/matvana.com\/bg\/wp-json\/wp\/v2\/product_brand?post=21541"},{"taxonomy":"product_cat","embeddable":true,"href":"https:\/\/matvana.com\/bg\/wp-json\/wp\/v2\/product_cat?post=21541"},{"taxonomy":"product_tag","embeddable":true,"href":"https:\/\/matvana.com\/bg\/wp-json\/wp\/v2\/product_tag?post=21541"}],"curies":[{"name":"wp","href":"https:\/\/api.w.org\/{rel}","templated":true}]}}