{"id":21135,"date":"2026-04-04T20:50:53","date_gmt":"2026-04-04T18:50:53","guid":{"rendered":"https:\/\/matvana.com\/product\/wooden-birthday-number-no-3\/"},"modified":"2026-04-18T17:10:05","modified_gmt":"2026-04-18T15:10:05","slug":"holz-kerzenhalter-zahl-3","status":"publish","type":"product","link":"https:\/\/matvana.com\/bg\/product\/holz-kerzenhalter-zahl-3\/","title":{"rendered":"Holz Kerzenhalter Zahl 3 \u2013 handgefertigter Kerzenhalter aus Alb\u00e9sia Holz im Vintage Look"},"content":{"rendered":"<h4 data-start=\"552\" data-end=\"605\">Holz Kerzenhalter Zahl 3 f\u00fcr besondere Anl\u00e4sse<\/h4>\n<p data-start=\"606\" data-end=\"742\">Dieser Holz Kerzenhalter Zahl 3 ist die perfekte Kombination aus Dekoration und Funktion und bringt eine pers\u00f6nliche Note in jede Feier.<\/p>\n<hr data-start=\"744\" data-end=\"747\" \/>\n<h4 data-start=\"749\" data-end=\"786\">Handgefertigt aus Alb\u00e9sia Holz<\/h4>\n<p data-start=\"787\" data-end=\"928\">Jeder Kerzenhalter wird sorgf\u00e4ltig von Hand geschnitzt und mit einer wei\u00dfen Vintage-Oberfl\u00e4che veredelt, wodurch jedes St\u00fcck einzigartig ist.<\/p>\n<hr data-start=\"930\" data-end=\"933\" \/>\n<h4 data-start=\"935\" data-end=\"974\">Ideal f\u00fcr Geburtstage und Feiern<\/h4>\n<p data-start=\"975\" data-end=\"1072\">Perfekt geeignet f\u00fcr Geburtstagskerzen und besondere Anl\u00e4sse wie Jubil\u00e4en oder Kindergeburtstage.<\/p>\n<hr data-start=\"1074\" data-end=\"1077\" \/>\n<h4 data-start=\"1079\" data-end=\"1119\">Dekorativ und funktional zugleich<\/h4>\n<p data-start=\"1120\" data-end=\"1237\">Die Zahl 3 dient nicht nur als dekoratives Element, sondern auch als stabiler Kerzenhalter f\u00fcr stimmungsvolles Licht.<\/p>\n<hr data-start=\"1239\" data-end=\"1242\" \/>\n<h4 data-start=\"1244\" data-end=\"1285\">Nachhaltig und mit Liebe gefertigt<\/h4>\n<p data-start=\"1286\" data-end=\"1382\">Hergestellt in kleinen Werkst\u00e4tten aus nat\u00fcrlichem Holz und unter fairen Bedingungen produziert.<\/p>\n<hr data-start=\"1384\" data-end=\"1387\" \/>\n<h4 data-start=\"1389\" data-end=\"1410\">Produktdetails<\/h4>\n<p data-start=\"1411\" data-end=\"1554\">Material: Alb\u00e9sia Holz (wei\u00df gewaschen)<br data-start=\"1450\" data-end=\"1453\" \/>Design: Zahl 3 Kerzenhalter<br data-start=\"1480\" data-end=\"1483\" \/>Ma\u00dfe: ca. 10 x 8.5 x 6 cm<br data-start=\"1508\" data-end=\"1511\" \/>Gewicht: ca. 0.13 kg<br data-start=\"1531\" data-end=\"1534\" \/>Herkunft: Indonesien<\/p>\n<hr data-start=\"2147\" data-end=\"2150\" \/>\n<h4 data-start=\"413\" data-end=\"449\">Weitere Inspiration entdecken<\/h4>\n<p data-start=\"450\" data-end=\"582\">Suchen Sie weitere besondere Produkte? Entdecken Sie zus\u00e4tzliche Highlights in unserem Sortiment oder besuchen Sie unsere Partnerprojekte:<\/p>\n<ul data-start=\"584\" data-end=\"920\">\n<li><a href=\"https:\/\/matvana.com\/bg\/shop\/\">Stilvolle Wohn- &amp; Geschenkideen bei Matvana entdecken<\/a><\/li>\n<li data-start=\"657\" data-end=\"783\">\n<p data-start=\"659\" data-end=\"783\"><a href=\"https:\/\/honigbee.com\/shop\/\" target=\"_blank\" rel=\"noopener\">Nat\u00fcrliche Produkte bei Honigbee ansehen<br \/>\n<\/a><\/p>\n<\/li>\n<li><a href=\"https:\/\/saphirsmaragd.com\/shop\/\" target=\"_blank\" rel=\"noopener\">Edelsteine &amp; Schmuckst\u00fccke bei Saphir &amp; Smaragd entdecken<\/a><\/li>\n<\/ul>","protected":false},"excerpt":{"rendered":"<p data-start=\"385\" data-end=\"511\"><em>Holz Kerzenhalter Zahl 3 aus Alb\u00e9sia Holz. Handgefertigter Kerzenhalter im Vintage Look f\u00fcr Geburtstage und besondere Anl\u00e4sse.<\/em><\/p>","protected":false},"featured_media":21132,"comment_status":"open","ping_status":"closed","template":"","meta":{"_glsr_average":0,"_glsr_ranking":0,"_glsr_reviews":0},"product_brand":[],"product_cat":[206],"product_tag":[],"class_list":{"0":"post-21135","1":"product","2":"type-product","3":"status-publish","4":"has-post-thumbnail","6":"product_cat-kerzenhalter","8":"first","9":"instock","10":"taxable","11":"shipping-taxable","12":"purchasable","13":"product-type-simple"},"jetpack_sharing_enabled":true,"_links":{"self":[{"href":"https:\/\/matvana.com\/bg\/wp-json\/wp\/v2\/product\/21135","targetHints":{"allow":["GET"]}}],"collection":[{"href":"https:\/\/matvana.com\/bg\/wp-json\/wp\/v2\/product"}],"about":[{"href":"https:\/\/matvana.com\/bg\/wp-json\/wp\/v2\/types\/product"}],"replies":[{"embeddable":true,"href":"https:\/\/matvana.com\/bg\/wp-json\/wp\/v2\/comments?post=21135"}],"version-history":[{"count":3,"href":"https:\/\/matvana.com\/bg\/wp-json\/wp\/v2\/product\/21135\/revisions"}],"predecessor-version":[{"id":22620,"href":"https:\/\/matvana.com\/bg\/wp-json\/wp\/v2\/product\/21135\/revisions\/22620"}],"wp:featuredmedia":[{"embeddable":true,"href":"https:\/\/matvana.com\/bg\/wp-json\/wp\/v2\/media\/21132"}],"wp:attachment":[{"href":"https:\/\/matvana.com\/bg\/wp-json\/wp\/v2\/media?parent=21135"}],"wp:term":[{"taxonomy":"product_brand","embeddable":true,"href":"https:\/\/matvana.com\/bg\/wp-json\/wp\/v2\/product_brand?post=21135"},{"taxonomy":"product_cat","embeddable":true,"href":"https:\/\/matvana.com\/bg\/wp-json\/wp\/v2\/product_cat?post=21135"},{"taxonomy":"product_tag","embeddable":true,"href":"https:\/\/matvana.com\/bg\/wp-json\/wp\/v2\/product_tag?post=21135"}],"curies":[{"name":"wp","href":"https:\/\/api.w.org\/{rel}","templated":true}]}}