{"id":20586,"date":"2026-04-04T20:05:40","date_gmt":"2026-04-04T18:05:40","guid":{"rendered":"https:\/\/matvana.com\/product\/hop-hare-crystal-magic-flower-candle-the-devil\/"},"modified":"2026-04-07T18:02:56","modified_gmt":"2026-04-07T16:02:56","slug":"kristall-duftkerze-der-teufel","status":"publish","type":"product","link":"https:\/\/matvana.com\/bg\/product\/kristall-duftkerze-der-teufel\/","title":{"rendered":"Kristall Duftkerze Der Teufel \u2013 Sojawachs Kerze mit Edelsteinen &#038; Holzdocht 8.8 x 5 cm"},"content":{"rendered":"<h4 data-start=\"625\" data-end=\"690\">Kristall Duftkerze Der Teufel f\u00fcr Energie und Leidenschaft<\/h4>\n<p data-start=\"691\" data-end=\"886\">Die Kristall Duftkerze Der Teufel steht f\u00fcr intensive Energie, Leidenschaft und Motivation. Der warme, kraftvolle Duft schafft eine dynamische Atmosph\u00e4re und bringt neue Energie in deinen Alltag.<\/p>\n<hr data-start=\"888\" data-end=\"891\" \/>\n<h4 data-start=\"893\" data-end=\"936\">Mit rotem Jaspis und schwarzem Achat<\/h4>\n<p data-start=\"937\" data-end=\"969\">Diese besondere Kerze enth\u00e4lt:<\/p>\n<ul data-start=\"970\" data-end=\"1073\">\n<li data-section-id=\"1ud0wro\" data-start=\"970\" data-end=\"1023\"><strong data-start=\"972\" data-end=\"988\">Roter Jaspis<\/strong> f\u00fcr Erdung, St\u00e4rke und Vitalit\u00e4t<\/li>\n<li data-section-id=\"nvwnoe\" data-start=\"1024\" data-end=\"1073\"><strong data-start=\"1026\" data-end=\"1045\">Schwarzer Achat<\/strong> f\u00fcr Schutz und Stabilit\u00e4t<\/li>\n<\/ul>\n<p data-start=\"1075\" data-end=\"1164\">Gemeinsam erzeugen sie eine kraftvolle Kombination f\u00fcr Fokus, Energie und innere Balance.<\/p>\n<hr data-start=\"1166\" data-end=\"1169\" \/>\n<h4 data-start=\"1171\" data-end=\"1224\">Hochwertige Materialien &amp; einzigartiges Design<\/h4>\n<p data-start=\"1225\" data-end=\"1284\">Gefertigt aus nat\u00fcrlichem Sojawachs und ausgestattet mit:<\/p>\n<ul data-start=\"1285\" data-end=\"1396\">\n<li data-section-id=\"v22xb\" data-start=\"1285\" data-end=\"1319\">Holzdocht f\u00fcr sanftes Knistern<\/li>\n<li data-section-id=\"1ofxuva\" data-start=\"1320\" data-end=\"1347\">stilvollem Glasbeh\u00e4lter<\/li>\n<li data-section-id=\"8txzer\" data-start=\"1348\" data-end=\"1396\">echten Edelsteinen und dekorativen Elementen<\/li>\n<\/ul>\n<hr data-start=\"1398\" data-end=\"1401\" \/>\n<h4 data-start=\"1403\" data-end=\"1453\">Perfekt f\u00fcr Energie, Motivation und Rituale<\/h4>\n<p data-start=\"1454\" data-end=\"1475\">Ideal geeignet f\u00fcr:<\/p>\n<ul data-start=\"1476\" data-end=\"1603\">\n<li data-section-id=\"11zyo7m\" data-start=\"1476\" data-end=\"1508\">Motivation und Produktivit\u00e4t<\/li>\n<li data-section-id=\"1e3tp9o\" data-start=\"1509\" data-end=\"1530\">kreative Prozesse<\/li>\n<li data-section-id=\"17oi3jv\" data-start=\"1531\" data-end=\"1560\">Energiearbeit und Rituale<\/li>\n<li data-section-id=\"gqmloi\" data-start=\"1561\" data-end=\"1603\">moderne und ausdrucksstarke Dekoration<\/li>\n<\/ul>\n<hr data-start=\"1605\" data-end=\"1608\" \/>\n<h4 data-start=\"1610\" data-end=\"1655\">Lange Brenndauer f\u00fcr intensive Momente<\/h4>\n<p data-start=\"1656\" data-end=\"1756\">Mit einer Brenndauer von ca. 22 Stunden sorgt diese Kerze f\u00fcr langanhaltende Energie und Atmosph\u00e4re.<\/p>\n<hr data-start=\"1758\" data-end=\"1761\" \/>\n<h4 data-start=\"1763\" data-end=\"1784\">Produktdetails<\/h4>\n<p data-start=\"1785\" data-end=\"1937\">Duft: Warm \/ intensiv<br data-start=\"1806\" data-end=\"1809\" \/>Material: Sojawachs, Glas, Edelsteine<br data-start=\"1846\" data-end=\"1849\" \/>Docht: Holzdocht<br data-start=\"1865\" data-end=\"1868\" \/>Brenndauer: ca. 22 Stunden<br data-start=\"1894\" data-end=\"1897\" \/>Ma\u00dfe: ca. 8.8 x 5 cm<br data-start=\"1917\" data-end=\"1920\" \/>Herkunft: China<\/p>\n<hr data-start=\"2147\" data-end=\"2150\" \/>\n<h4 data-start=\"413\" data-end=\"449\">Weitere Inspiration entdecken<\/h4>\n<p data-start=\"450\" data-end=\"582\">Suchen Sie weitere besondere Produkte? Entdecken Sie zus\u00e4tzliche Highlights in unserem Sortiment oder besuchen Sie unsere Partnerprojekte:<\/p>\n<ul data-start=\"584\" data-end=\"920\">\n<li><a href=\"https:\/\/matvana.com\/bg\/shop\/\">Stilvolle Wohn- &amp; Geschenkideen bei Matvana entdecken<\/a><\/li>\n<li data-start=\"657\" data-end=\"783\">\n<p data-start=\"659\" data-end=\"783\"><a href=\"https:\/\/honigbee.com\/shop\/\" target=\"_blank\" rel=\"noopener\">Nat\u00fcrliche Produkte bei Honigbee ansehen<br \/>\n<\/a><\/p>\n<\/li>\n<li><a href=\"https:\/\/saphirsmaragd.com\/shop\/\" target=\"_blank\" rel=\"noopener\">Edelsteine &amp; Schmuckst\u00fccke bei Saphir &amp; Smaragd entdecken<\/a><\/li>\n<\/ul>","protected":false},"excerpt":{"rendered":"<p data-start=\"350\" data-end=\"486\"><em>Kristall Duftkerze Der Teufel mit Sojawachs, Holzdocht und Edelsteinen. Perfekt f\u00fcr Energie, Leidenschaft und kraftvolle Atmosph\u00e4re.<\/em><\/p>","protected":false},"featured_media":20579,"comment_status":"open","ping_status":"closed","template":"","meta":{"_glsr_average":0,"_glsr_ranking":0,"_glsr_reviews":0},"product_brand":[],"product_cat":[206],"product_tag":[],"class_list":{"0":"post-20586","1":"product","2":"type-product","3":"status-publish","4":"has-post-thumbnail","6":"product_cat-kerzenhalter","8":"first","9":"instock","10":"shipping-taxable","11":"purchasable","12":"product-type-simple"},"jetpack_sharing_enabled":true,"_links":{"self":[{"href":"https:\/\/matvana.com\/bg\/wp-json\/wp\/v2\/product\/20586","targetHints":{"allow":["GET"]}}],"collection":[{"href":"https:\/\/matvana.com\/bg\/wp-json\/wp\/v2\/product"}],"about":[{"href":"https:\/\/matvana.com\/bg\/wp-json\/wp\/v2\/types\/product"}],"replies":[{"embeddable":true,"href":"https:\/\/matvana.com\/bg\/wp-json\/wp\/v2\/comments?post=20586"}],"version-history":[{"count":3,"href":"https:\/\/matvana.com\/bg\/wp-json\/wp\/v2\/product\/20586\/revisions"}],"predecessor-version":[{"id":22373,"href":"https:\/\/matvana.com\/bg\/wp-json\/wp\/v2\/product\/20586\/revisions\/22373"}],"wp:featuredmedia":[{"embeddable":true,"href":"https:\/\/matvana.com\/bg\/wp-json\/wp\/v2\/media\/20579"}],"wp:attachment":[{"href":"https:\/\/matvana.com\/bg\/wp-json\/wp\/v2\/media?parent=20586"}],"wp:term":[{"taxonomy":"product_brand","embeddable":true,"href":"https:\/\/matvana.com\/bg\/wp-json\/wp\/v2\/product_brand?post=20586"},{"taxonomy":"product_cat","embeddable":true,"href":"https:\/\/matvana.com\/bg\/wp-json\/wp\/v2\/product_cat?post=20586"},{"taxonomy":"product_tag","embeddable":true,"href":"https:\/\/matvana.com\/bg\/wp-json\/wp\/v2\/product_tag?post=20586"}],"curies":[{"name":"wp","href":"https:\/\/api.w.org\/{rel}","templated":true}]}}